{"id":373,"date":"2020-09-01T15:46:33","date_gmt":"2020-09-01T13:46:33","guid":{"rendered":"http:\/\/wp.platinman.de\/?page_id=373"},"modified":"2023-01-13T06:31:10","modified_gmt":"2023-01-13T05:31:10","slug":"platinman","status":"publish","type":"page","link":"https:\/\/wp.platinman.de\/","title":{"rendered":"Platinmann"},"content":{"rendered":"\n<p>Platinmann 2023<\/p>\n\n\n\n<p>Da wir bei den sinkenden Anmeldezahlen den Lauf nicht mehr kostendeckend durchf\u00fchren k\u00f6nnen, wird er 2023 ausfallen.<\/p>\n\n\n\n<p><strong>Platinmann 2022<\/strong><\/p>\n\n\n\n<p>Vielen Dank an alle L\u00e4ufer, die sich in diesem Jahr getraut haben.<\/p>\n\n\n\n<p>Auch in diesem Jahr hat J\u00f6rg L\u00f6hr vom &#8222;Laufgedanken&#8220; wieder einen sehr sch\u00f6nen Bericht \u00fcber seine Lauferfahrung verfasst.<\/p>\n\n\n\n<p>Euer Platinman-Team<br>vom Triathlon Team Hennef e.V.<\/p>\n\n\n\n<p><a href=\"http:\/\/der-laufgedanke.blogspot.com\/2022\/11\/platinman-2022-life-is-jail-without.html?m=1#more\" target=\"_blank\" rel=\"noreferrer noopener\">Der Laufgedanke schreibt zum Lauf 2022&#8230;..<\/a><br>Vielen Dank an J\u00f6rg L\u00f6hr<\/p>\n","protected":false},"excerpt":{"rendered":"<p>Platinmann 2023 Da wir bei den sinkenden Anmeldezahlen den Lauf nicht mehr kostendeckend durchf\u00fchren k\u00f6nnen, wird er 2023 ausfallen. Platinmann 2022 Vielen Dank an alle L\u00e4ufer, die sich in diesem Jahr getraut haben. Auch in diesem Jahr hat J\u00f6rg L\u00f6hr vom &#8222;Laufgedanken&#8220; wieder einen sehr sch\u00f6nen Bericht \u00fcber seine Lauferfahrung verfasst. Euer Platinman-Teamvom Triathlon Team &hellip; <\/p>\n<p class=\"link-more\"><a href=\"https:\/\/wp.platinman.de\/\" class=\"more-link\"><span class=\"screen-reader-text\">\u201ePlatinmann\u201c<\/span> weiterlesen<\/a><\/p>\n","protected":false},"author":1,"featured_media":0,"parent":0,"menu_order":0,"comment_status":"closed","ping_status":"closed","template":"","meta":{"footnotes":""},"class_list":["post-373","page","type-page","status-publish","hentry"],"_links":{"self":[{"href":"https:\/\/wp.platinman.de\/index.php?rest_route=\/wp\/v2\/pages\/373","targetHints":{"allow":["GET"]}}],"collection":[{"href":"https:\/\/wp.platinman.de\/index.php?rest_route=\/wp\/v2\/pages"}],"about":[{"href":"https:\/\/wp.platinman.de\/index.php?rest_route=\/wp\/v2\/types\/page"}],"author":[{"embeddable":true,"href":"https:\/\/wp.platinman.de\/index.php?rest_route=\/wp\/v2\/users\/1"}],"replies":[{"embeddable":true,"href":"https:\/\/wp.platinman.de\/index.php?rest_route=%2Fwp%2Fv2%2Fcomments&post=373"}],"version-history":[{"count":40,"href":"https:\/\/wp.platinman.de\/index.php?rest_route=\/wp\/v2\/pages\/373\/revisions"}],"predecessor-version":[{"id":584,"href":"https:\/\/wp.platinman.de\/index.php?rest_route=\/wp\/v2\/pages\/373\/revisions\/584"}],"wp:attachment":[{"href":"https:\/\/wp.platinman.de\/index.php?rest_route=%2Fwp%2Fv2%2Fmedia&parent=373"}],"curies":[{"name":"wp","href":"https:\/\/api.w.org\/{rel}","templated":true}]}}