{"id":306,"date":"2019-11-04T14:36:38","date_gmt":"2019-11-04T13:36:38","guid":{"rendered":"http:\/\/wp.platinman.de\/?page_id=306"},"modified":"2022-10-23T08:30:52","modified_gmt":"2022-10-23T06:30:52","slug":"anfahrt","status":"publish","type":"page","link":"https:\/\/wp.platinman.de\/?page_id=306","title":{"rendered":"Anfahrt"},"content":{"rendered":"\n<p><strong>\u00d6ffentliche Verkehrsmittel<\/strong><\/p>\n\n\n\n<p>Mit dem Zug oder der S-Bahn m\u00fcsst ihr bis zum Bahnhof Hennef fahren. Danach geht es weiter mit dem Bus:<\/p>\n\n\n\n<p>An-\/Abfahrt mit dem Bus, Linie 531:<br>08:32\u00a0ab\u00a0Hennef Bf<br>08:51 an Ruppichteroth Winterscheid Kirche<\/p>\n\n\n\n<p>09:32\u00a0ab\u00a0Hennef Bf<br>09:51 an Ruppichteroth Winterscheid Kirche<br><br>15:07 ab Ruppichteroth Winterscheid Kirche<br>15:27 an\u00a0Hennef Bf<br><br>16:07 ab Ruppichteroth Winterscheid Kirche<br>16:27 an\u00a0Hennef Bf<\/p>\n\n\n\n<p><strong>Mit dem Auto<\/strong><\/p>\n\n\n\n<p>Die Adresse f\u00fcr die Navigation lautet:<\/p>\n\n\n\n<p>Hauptstrasse 4<br>53809 Winterscheid<\/p>\n\n\n\n<p>Hinweise zum Parken und zur Anfahrt:<br>Die Hauptstrasse ist in Winterscheid zwischen Sportplatz und Hatterscheid f\u00fcr den Durchgangsverkehr gesperrt (Ausnahme Linienbusse). Die Strasse wird hier einseitig zum Parken verwendet. Bitte achtet auf die Einweiser. <br>In regelm\u00e4\u00dfigen Abst\u00e4nden gibt es im Parkbereich abgeflatterte St\u00fccke als Ausweichbuchten. Hier bitte auf keinen Fall parken.<br><br>Eine Anreise aus Richtung Hatterscheid ist nicht m\u00f6glich. Bitte reist ausschliesslich \u00fcber das Derenbachtal, K17, an und haltet euch an die Platinman-Hinweisschilder oder die Beschilderung &#8222;Sportplatz&#8220;. <\/p>\n\n\n\n<p>Gleichzeitig m\u00fcssen wir aber auch darauf hinweisen, dass das Ordnungsamt Kontrollen angek\u00fcndigt hat. Bei der Auswahl eines Parkplatzes ausserhalb unseres Parkplatzes ist also unbedingt darauf zu achten, dass ordnungsgem\u00e4\u00df geparkt wird.<br><\/p>\n","protected":false},"excerpt":{"rendered":"<p>\u00d6ffentliche Verkehrsmittel Mit dem Zug oder der S-Bahn m\u00fcsst ihr bis zum Bahnhof Hennef fahren. Danach geht es weiter mit dem Bus: An-\/Abfahrt mit dem Bus, Linie 531:08:32\u00a0ab\u00a0Hennef Bf08:51 an Ruppichteroth Winterscheid Kirche 09:32\u00a0ab\u00a0Hennef Bf09:51 an Ruppichteroth Winterscheid Kirche 15:07 ab Ruppichteroth Winterscheid Kirche15:27 an\u00a0Hennef Bf 16:07 ab Ruppichteroth Winterscheid Kirche16:27 an\u00a0Hennef Bf Mit dem &hellip; <\/p>\n<p class=\"link-more\"><a href=\"https:\/\/wp.platinman.de\/?page_id=306\" class=\"more-link\"><span class=\"screen-reader-text\">\u201eAnfahrt\u201c<\/span> weiterlesen<\/a><\/p>\n","protected":false},"author":1,"featured_media":0,"parent":0,"menu_order":0,"comment_status":"closed","ping_status":"closed","template":"","meta":{"footnotes":""},"class_list":["post-306","page","type-page","status-publish","hentry"],"_links":{"self":[{"href":"https:\/\/wp.platinman.de\/index.php?rest_route=\/wp\/v2\/pages\/306","targetHints":{"allow":["GET"]}}],"collection":[{"href":"https:\/\/wp.platinman.de\/index.php?rest_route=\/wp\/v2\/pages"}],"about":[{"href":"https:\/\/wp.platinman.de\/index.php?rest_route=\/wp\/v2\/types\/page"}],"author":[{"embeddable":true,"href":"https:\/\/wp.platinman.de\/index.php?rest_route=\/wp\/v2\/users\/1"}],"replies":[{"embeddable":true,"href":"https:\/\/wp.platinman.de\/index.php?rest_route=%2Fwp%2Fv2%2Fcomments&post=306"}],"version-history":[{"count":8,"href":"https:\/\/wp.platinman.de\/index.php?rest_route=\/wp\/v2\/pages\/306\/revisions"}],"predecessor-version":[{"id":544,"href":"https:\/\/wp.platinman.de\/index.php?rest_route=\/wp\/v2\/pages\/306\/revisions\/544"}],"wp:attachment":[{"href":"https:\/\/wp.platinman.de\/index.php?rest_route=%2Fwp%2Fv2%2Fmedia&parent=306"}],"curies":[{"name":"wp","href":"https:\/\/api.w.org\/{rel}","templated":true}]}}