{"id":29,"date":"2016-11-24T18:53:33","date_gmt":"2016-11-24T17:53:33","guid":{"rendered":"http:\/\/wp.platinman.de\/?page_id=29"},"modified":"2022-11-12T19:21:30","modified_gmt":"2022-11-12T18:21:30","slug":"29-2","status":"publish","type":"page","link":"https:\/\/wp.platinman.de\/?page_id=29","title":{"rendered":"Ausschreibung"},"content":{"rendered":"<h2>1. Organisatorisches<\/h2>\n<h3>Ausrichter:<\/h3>\n<p><a href=\"http:\/\/www.triathlon-team-hennef.de\" target=\"_blank\" rel=\"noopener noreferrer\">Triathlon Team Hennef e.V.<\/a><\/p>\n<h3>Veranstalter:<\/h3>\n<p><a href=\"http:\/\/www.triathlon-team-hennef.de\" target=\"_blank\" rel=\"noopener noreferrer\">Triathlon Team Hennef e.V.<\/a><\/p>\n<h2>2. Wettkampf<\/h2>\n<h3>1. Distanz<\/h3>\n<p>Die Strecke ist ca 26,6 Km lang mit 1141 H\u00f6henmetern mit einem Garmin-System (in alltrails.com 968HM). Aus organisatorischen Gr\u00fcnden sind Walker und Nordic Walker nicht zugelassen. Hilfsmittel, wie z.B. St\u00f6cke, sind nicht zugelassen.<\/p>\n<p>Der Platinman light erstreckt sich \u00fcber 13,2 Km bei 478 H\u00f6henmetern mit einem Garmin System (in alltrails.com 454 HM).<\/p>\n<p>\u00c4nderungen vorbehalten.<\/p>\n<h3>2. Wertung<\/h3>\n<p>Die Siegerin und der Sieger erhalten jeweils einen Pokal. Die Altersklassen werden beginnend mit AK20 in 5-Jahres-Schritten gewertet.<br \/>\nJeder Finisher bekommt eine Medaille. F\u00fcr alle steht ein Urkundendruck im Internet zur Verf\u00fcgung.<\/p>\n<p>\u00c4nderungen vorbehalten.<\/p>\n<h3>3.Zeitmessung<\/h3>\n<p>Die Zeitmessung erfolgt mit Hilfe von Chips an Mehrwegarmb\u00e4ndern. Die Armb\u00e4nder m\u00fcssen im Ziel zur\u00fcckgegeben werden.<br \/>\n\u00c4nderung vorbehalten.<\/p>\n<h3>4. Zeitplan<\/h3>\n<p>Platinman light: Der Start ist um 11 Uhr. Zielschlu\u00df ist 2h nach Startschu\u00df.<\/p>\n<p>Platinman: Der Start ist um 10:30 Uhr. Zielschlu\u00df ist 4h nach Startschu\u00df.<\/p>\n<p>F\u00fcr die Wertung ist die Bruttozeit ma\u00dfgebend.<\/p>\n<p>\u00c4nderungen vorbehalten.<\/p>\n<h3>5. Anmeldungen<\/h3>\n<p>Anmeldungen k\u00f6nnen online bis 31.10.2022 oder bis zum Erreichen des Teilnehmerlimits get\u00e4tigt werden. Danach werden keine Meldungen angenommen.<br \/>\nNachmeldungen k\u00f6nnen am Wettkampftag gegen eine zus\u00e4tzliche Nachmeldegeb\u00fchr in H\u00f6he von 5\u20ac erworben werden.<br \/>\nNicht bezahlte Anmeldungen werden wie Nachmelder behandelt, bzw. nach zwei Wochen gel\u00f6scht. Es werden Zahlungseing\u00e4nge bis 2 Banktage nach Anmeldeschlu\u00df ber\u00fccksichtigt.<br \/>\nBei Erreichen des Teilnehmerlimits von 400 Anmeldern werden nicht bezahlte Anmeldungen zugunsten neuer Anmeldungen entfernt.<br \/>\nBezahlte Startgelder k\u00f6nnen aus organisatorischen Gr\u00fcnden nicht zur\u00fcckgezahlt werden.<br \/>\nDie Streckenl\u00e4nge bedingt ein Mindestalter von 18 Jahren, bei der light-Variante ab 16 Jahren.<\/p>\n<p>Das Startgeld betr\u00e4gt einheitlich 25 Euro f\u00fcr den Platinman und 12 Euro f\u00fcr den Platinman light.<\/p>\n<p>Sofern die Anmeldung nicht mit einer SEPA-Lastschrift eingezogen wird, muss nach der Anmeldung das Startgeld auf folgendes Konto \u00fcberwiesen werden:<\/p>\n<p align=\"center\">Triathlon Team Hennef e.V.<br \/>\nKreissparkasse K\u00f6ln<br \/>\nIBAN: DE30 3705 0299 0081 2878 13<br \/>\nBIC: COKSDE33XXX<\/p>\n<p>Ist das Startgeld nicht rechtzeitig eingegangen, ist die Anmeldung ung\u00fcltig und wird entfernt. Es besteht kein Anspruch auf Startgelderstattung bei Nichterscheinen.<\/p>\n<h3>6. Meldeschluss<\/h3>\n<p>Meldeschluss ist der 31.10.2022, 22 Uhr.<\/p>\n<h3>7. Quittungen<\/h3>\n<p>Quittungen bitte bei der Abholung der Startunterlagen anfordern, es wird nichts nachgesandt.<\/p>\n<h3>8. Veranstalterleistungen<\/h3>\n<p>Inbgriffen sind folgende Leistungen:<\/p>\n<ul>\n<li>Strecken- und Endverpflegung<\/li>\n<li>Urkundendruck im Internet.<\/li>\n<\/ul>\n<p>\u00c4nderung vorbehalten.<\/p>\n<h3>9. Umkleiden\/Duschen<\/h3>\n<p>Duschen oder Umkleiden auf dem Sportplatz Winterscheid.<\/p>\n<p>\u00c4nderung vorbehalten.<\/p>\n<h3>10. Haftung<\/h3>\n<p>Mit der Anmeldung wird best\u00e4tigt, dass aus Gesundheitsgr\u00fcnden keine Einw\u00e4nde gegen die Teilnahme bestehen und der Trainingszustand den Anforderungen des Wettkampfes entspricht.<br \/>\nGleichzeitig werden die mit dem Wettkampf verbundenen gesundheitlichen und sonstigen Gefahren anerkannt.<br \/>\nStreckenposten werden nicht oder kaum eingesetzt. F\u00fchrungsradfahrer kann es aufgrund der schwierigen Strecke nicht geben. Die besonderen Risiken, die mit einer unbeaufsichtigten Strecke einhergehen, erkennt der Teilnehmer mit seiner Anmeldung an.<br \/>\nEs wird ausdr\u00fccklich best\u00e4tigt, auf eigene Verantwortung und Risiko an der Veranstaltung teilzunehmen.<\/p>\n<p>Es werden \u00f6ffentliche, wenig befahrene Stra\u00dfe gekreuzt oder belaufen. Die Stra\u00dfen sind nicht gesperrt. Mit der Anmeldung best\u00e4tigt der Teilnehmer, dass er sich gem\u00e4\u00df den Regeln der StVO verh\u00e4lt und die Stra\u00dfe nach eigenem Ermessen umsichtig quert oder benutzt. Fu\u00dfg\u00e4nger und Radfahrer k\u00f6nnen dem Teilnehmer auf der gesamten Strecke begegnen.<br \/>\nAufgrund der schwierigen Streckenverh\u00e4ltnisse ist es dem Veranstalter nicht m\u00f6glich, eine ausreichende l\u00fcckenlose not\u00e4rztliche Versorgung zu gew\u00e4hrleisten.<br \/>\nDie Teilnehmer werden gebeten und sind gehalten, sich nach M\u00f6glichkeit mit einem Handy auszustatten und sich bei Vorf\u00e4llen an die Notfallrufnummer zu wenden. Diese wird bei der Vorbesprechung am Start bekanntgegeben.<\/p>\n<p>Eine Haftung des Veranstalters ist in allen F\u00e4llen ausgeschlossen.<\/p>\n<h4>\u00c4rztliche Empfehlungen:<\/h4>\n<p>Mit der Anmeldung best\u00e4tige ich, die \u00e4rztlichen Empfehlungen gelesen zu haben. Wenn ich mich in den letzten Tagen vor dem Lauf krank oder fiebrig f\u00fchlte, sollte ich auf die Teilnahme verzichten. Ich achte darauf, dass ich vor, w\u00e4hrend und nach dem Lauf gen\u00fcgend Fl\u00fcssigkeit zu mir nehme. Wenn ich mich w\u00e4hrend dem Lauf nicht wohl f\u00fchle (schwere Atemnot, Schwindel, Ersch\u00f6pfung, starke Schmerzen, usw.), sollte ich den Lauf unterbrechen oder aufgeben. Insbesondere M\u00e4nner \u00fcber 35 Jahren und Frauen \u00fcber 40 Jahren, sowie Teilnehmer\/Innen mit einer Vorgeschichte von Herz-, Kreislauf- oder Lungenerkrankungen oder anderen Risikogruppen, wird empfohlen, sich regelm\u00e4\u00dfig \u00e4rztlich untersuchen zu lassen.<\/p>\n<h4>K\u00f6rperliche Verfassung:<\/h4>\n<p>Mit der Anmeldung best\u00e4tige ich, dass ich zum Zeitpunkt des Starts gut auf den Lauf vorbereitet und in guter, k\u00f6rperlicher Verfassung bin.<\/p>\n<h3>11. Haftpflicht<\/h3>\n<p>Der Veranstalter \u00fcbernimmt keinerlei Haftung f\u00fcr Sch\u00e4den an Mensch und Material. Die Veranstalterversicherung \u00fcbernimmt die Dauersch\u00e4den bei Verletzungen und Unf\u00e4llen. Hier tritt die Sporthilfe ein.<\/p>\n<h4>Haftungsausschluss:<\/h4>\n<p>Die Teilnahme erfolgt auf eigenes Risiko. Die Teilnehmer verzichten auf alle Rechtsanspr\u00fcche auch Dritter an den Veranstalter oder dessen Sponsoren. Der Veranstalter \u00fcbernimmt keine Haftung f\u00fcr den Verlust von Garderobe und Wertgegenst\u00e4nden. Jeder Teilnehmer muss im Besitz einer g\u00fcltigen pers\u00f6nlichen Unfall- und Haftpflichtversicherung sein.<\/p>\n<h4>Reglementsbestimmungen:<\/h4>\n<p>Jede Teilnehmerin und jeder Teilnehmer startet auf eigene Verantwortung und<br \/>\nGefahr. Mit der Anmeldung best\u00e4tigt der Teilnehmer die Kenntnisnahme dieser Ausschreibung, des Reglements und der unten stehenden Einverst\u00e4ndniserkl\u00e4rung. Bei h\u00f6herer Gewalt und Gefahr im Verzug kann die Veranstaltung kurzfristig abgesagt werden.<\/p>\n<h4>Einverst\u00e4ndniserkl\u00e4rung:<\/h4>\n<p>Mit meiner Meldung erkenne ich den Haftungsausschluss des Veranstalters f\u00fcr Diebstahl, Personen- oder Sachschaden jeder Art an. Ich erkl\u00e4re, dass ich gesund bin, einen ausreichenden Trainingsstand habe und mit alpinen Gefahren und Orientierung vertraut bin. Ich habe den gesamten Text der Ausschreibung gewissenhaft gelesen und akzeptiert. Ich erkl\u00e4re mich au\u00dferdem damit einverstanden, dass in der Meldung genannte Daten f\u00fcr Zeitnahme, Platzierung und Ergebnisliste erfasst und weitergegeben, sowie die im Zusammenhang mit der Veranstaltung gemachten Fotos, Filmaufnahmen und Interviews ohne Verg\u00fctungsanspruch ver\u00f6ffentlicht werden k\u00f6nnen. Es sind keinerlei Regressanspr\u00fcche bei h\u00f6herer Gewalt, Verlegung oder Ausfall der Veranstaltung gegen den Veranstalter oder von Ihm beauftragte Dritte m\u00f6glich. Ich versichere, meine Startnummer an keine andere Person weiterzugeben. Ich erkl\u00e4re mit meiner Anmeldung, dass ich an der Veranstaltung auf eigenes Risiko teilnehme und da\u00df ich ausreichend gegen Unf\u00e4lle und Haftpflicht versichert bin. (Hinweis lt. Datenschutzgesetz: Ihre Daten werden maschinell gespeichert.) Ich bin mir bewu\u00dft, da\u00df ich mich allgemeinen Gefahren und Strapazen aussetze, die lebensbedrohend sein k\u00f6nnen.<br \/>\nIch habe die Ausschreibung des Platinmannlaufes mit allen Gefahrenhinweisen vollst\u00e4ndig gelesen und erkl\u00e4re mich einverstanden.<br \/>\nMit meiner Anmeldung willige ich ein, vom Veranstalter per Mail kontaktiert zu werden. Gleichwohl verpflichtet sich der Veranstalter, keine pers\u00f6nlichen Daten an Dritte weiterzugeben. Die Rechte am eigenen Bild von bei der Veranstaltung erstellten Bildern\u00a0trete\u00a0ich an den Veranstalter ab.<br \/>\nDie Startnummern der Voranmelder werden, soweit m\u00f6glich, mit dem Vornamen personalisiert. Mit der Anmeldung gibt der L\u00e4ufer dazu seine Einwilligung. Es besteht die M\u00f6glichkeit, per Mail schriftlich dagegen Einspruch einzulegen. Diese Mail muss bis zum Ende der Voranmeldungsfrist eingegangen sein, da dann die Startnummern gedruckt werden. Es reicht, dazu auf die Mail der Anmeldebest\u00e4tigung mit einem entsprechenden Text zu antworten.<\/p>\n<h3>12. Abholung der Startunterlagen \/ Nachmeldungen<\/h3>\n<p>1. In der Woche vor dem Lauf im Trendwerk in Hennef, Frankfurter Strasse 69<br \/>\nvon 10:00 Uhr \u2013 18:00 Uhr, Samstag 10-14 Uhr<\/p>\n<p>Gegen eine Nachmeldegeb\u00fchr von 5\u20ac sind hier w\u00e4hrend der ganzen Woche auch Nachmeldungen m\u00f6glich.<\/p>\n<p>2. Am Veranstaltungstag am Sportplatz Winterscheid<br \/>\nSonntag, 13.11.2022 ab 09:00 Uhr<br \/>\nNachmeldungen sind gegen eine Nachmeldegeb\u00fchr von 5\u20ac bis 1h vor Start m\u00f6glich, sofern noch freie Pl\u00e4tze vorhanden sind.<\/p>\n<p>\u00c4nderung vorbehalten.<\/p>\n<h3>13. Siegerehrung<\/h3>\n<p>Aus organisatorischen Gr\u00fcnden entf\u00e4llt die Siegerehrung in diesem Jahr. Preise werden daher entweder direkt \u00fcbergeben oder per Post nachgesandt.<\/p>\n<p>\u00c4nderung vorbehalten.<\/p>\n<h2>3. Sonstiges<\/h2>\n<h3>1. Fundsachen<\/h3>\n<p>Fundsachen werden bis 2 Wochen nach dem Wettkampf aufgehoben, k\u00f6nnen per Nachnahme angefordert werden und werden bei Nichtabholung danach vernichtet.<\/p>\n<h3>2. Anfahrt<\/h3>\n<p><!--\n\n<a href=\"index.php?item=13\" title=\"Anfahrt\">Hier geht's zur Beschreibung der Anfahrt.<\/a>\n\n--><br \/>\nDie Adresse f\u00fcr die Navigation lautet:<br \/>\nHauptstrasse 4<br \/>\n53809 Ruppichteroth<\/p>\n<p>An-\/Abfahrt mit dem Bus, Linie 531:<\/p>\n<p>09:02\u00a0ab\u00a0Hennef Bf<br \/>\n09:21 an Ruppichteroth Winterscheid Kirche<\/p>\n<p>16:35 ab Ruppichteroth Winterscheid Kirche<br \/>\n16:57 an\u00a0Hennef Bf<\/p>\n<h3>3. Parken<\/h3>\n<p>Parkpl\u00e4tze stehen entlang der Stra\u00dfe vom Sportplatz Richtung Hatterscheid zur Verf\u00fcgung. Bitte auf die Parkplatzeinweiser achten.<\/p>\n<h3>4. Verpflegung:<\/h3>\n<p>Kostenlose Endverpflegung f\u00fcr die Athleten, sowie etwa alle 5-8 Km auf der Laufstrecke.<\/p>\n<h3>5. Info-Line:<\/h3>\n<p>Tel. 0151-14884511 oder Fax 02242-868218<br \/>\ne-mail: info(a)platinmann.de<\/p>\n<h3>6. Unterkunftsw\u00fcnsche:<\/h3>\n<ol>\n<li><a href=\"http:\/\/www.ruppichteroth.de\/cms122a\/tourismus_freizeit_erholung\/gastronomie_beherbergung\/\" target=\"_blank\" rel=\"noopener noreferrer\">Unterk\u00fcnfte in Ruppichteroth und Winterscheid<\/a><\/li>\n<li><span style=\"font-size: inherit;\">2. Stadt Hennef, Historisches Rathaus<br \/>\n<\/span><span style=\"font-size: inherit;\">Frankfurter Stra\u00dfe 97<br \/>\n<\/span><span style=\"font-size: inherit;\">Tel.: 02242\/19433<br \/>\n<\/span><span style=\"font-size: inherit;\">e-mail: <\/span><a style=\"font-size: inherit;\" href=\"mailto:Info@hennef.de\">Info@hennef.de<\/a><\/li>\n<\/ol>\n","protected":false},"excerpt":{"rendered":"<p>1. Organisatorisches Ausrichter: Triathlon Team Hennef e.V. Veranstalter: Triathlon Team Hennef e.V. 2. Wettkampf 1. Distanz Die Strecke ist ca 26,6 Km lang mit 1141 H\u00f6henmetern mit einem Garmin-System (in alltrails.com 968HM). Aus organisatorischen Gr\u00fcnden sind Walker und Nordic Walker nicht zugelassen. Hilfsmittel, wie z.B. St\u00f6cke, sind nicht zugelassen. Der Platinman light erstreckt sich \u00fcber &hellip; <\/p>\n<p class=\"link-more\"><a href=\"https:\/\/wp.platinman.de\/?page_id=29\" class=\"more-link\"><span class=\"screen-reader-text\">\u201eAusschreibung\u201c<\/span> weiterlesen<\/a><\/p>\n","protected":false},"author":1,"featured_media":0,"parent":0,"menu_order":0,"comment_status":"closed","ping_status":"closed","template":"","meta":{"footnotes":""},"class_list":["post-29","page","type-page","status-publish","hentry"],"_links":{"self":[{"href":"https:\/\/wp.platinman.de\/index.php?rest_route=\/wp\/v2\/pages\/29","targetHints":{"allow":["GET"]}}],"collection":[{"href":"https:\/\/wp.platinman.de\/index.php?rest_route=\/wp\/v2\/pages"}],"about":[{"href":"https:\/\/wp.platinman.de\/index.php?rest_route=\/wp\/v2\/types\/page"}],"author":[{"embeddable":true,"href":"https:\/\/wp.platinman.de\/index.php?rest_route=\/wp\/v2\/users\/1"}],"replies":[{"embeddable":true,"href":"https:\/\/wp.platinman.de\/index.php?rest_route=%2Fwp%2Fv2%2Fcomments&post=29"}],"version-history":[{"count":31,"href":"https:\/\/wp.platinman.de\/index.php?rest_route=\/wp\/v2\/pages\/29\/revisions"}],"predecessor-version":[{"id":579,"href":"https:\/\/wp.platinman.de\/index.php?rest_route=\/wp\/v2\/pages\/29\/revisions\/579"}],"wp:attachment":[{"href":"https:\/\/wp.platinman.de\/index.php?rest_route=%2Fwp%2Fv2%2Fmedia&parent=29"}],"curies":[{"name":"wp","href":"https:\/\/api.w.org\/{rel}","templated":true}]}}